{"id":16,"date":"2023-02-28T17:11:46","date_gmt":"2023-02-28T16:11:46","guid":{"rendered":"http:\/\/152.228.173.68\/?page_id=16"},"modified":"2026-03-05T21:25:13","modified_gmt":"2026-03-05T20:25:13","slug":"a-travers-ombree-danjou","status":"publish","type":"page","link":"https:\/\/atraversombreedanjou.fr\/","title":{"rendered":""},"content":{"rendered":"\t\t<div data-elementor-type=\"wp-page\" data-elementor-id=\"16\" class=\"elementor elementor-16\">\n\t\t\t\t\t\t\t\t\t<section class=\"elementor-section elementor-top-section elementor-element elementor-element-fafd4a1 elementor-section-boxed elementor-section-height-default elementor-section-height-default\" data-id=\"fafd4a1\" data-element_type=\"section\">\n\t\t\t\t\t\t<div class=\"elementor-container elementor-column-gap-default\">\n\t\t\t\t\t<div class=\"elementor-column elementor-col-100 elementor-top-column elementor-element elementor-element-5bed6d7\" data-id=\"5bed6d7\" data-element_type=\"column\">\n\t\t\t<div class=\"elementor-widget-wrap elementor-element-populated\">\n\t\t\t\t\t\t\t\t<div class=\"elementor-element elementor-element-7453df8 elementor-widget elementor-widget-image\" data-id=\"7453df8\" data-element_type=\"widget\" data-widget_type=\"image.default\">\n\t\t\t\t<div class=\"elementor-widget-container\">\n\t\t\t<style>\/*! elementor - v3.11.3 - 07-03-2023 *\/\n.elementor-widget-image{text-align:center}.elementor-widget-image a{display:inline-block}.elementor-widget-image a img[src$=\".svg\"]{width:48px}.elementor-widget-image img{vertical-align:middle;display:inline-block}<\/style>\t\t\t\t\t\t\t\t\t\t\t\t<img loading=\"lazy\" decoding=\"async\" width=\"660\" height=\"933\" src=\"https:\/\/atraversombreedanjou.fr\/wp-content\/uploads\/2026\/03\/Affiche-COTOA-2026-724x1024.png\" class=\"attachment-large size-large wp-image-1979\" alt=\"\" srcset=\"https:\/\/atraversombreedanjou.fr\/wp-content\/uploads\/2026\/03\/Affiche-COTOA-2026-724x1024.png 724w, https:\/\/atraversombreedanjou.fr\/wp-content\/uploads\/2026\/03\/Affiche-COTOA-2026-212x300.png 212w, https:\/\/atraversombreedanjou.fr\/wp-content\/uploads\/2026\/03\/Affiche-COTOA-2026-768x1086.png 768w, https:\/\/atraversombreedanjou.fr\/wp-content\/uploads\/2026\/03\/Affiche-COTOA-2026-1086x1536.png 1086w, https:\/\/atraversombreedanjou.fr\/wp-content\/uploads\/2026\/03\/Affiche-COTOA-2026.png 1414w\" sizes=\"auto, (max-width: 660px) 100vw, 660px\" \/>\t\t\t\t\t\t\t\t\t\t\t\t\t\t\t<\/div>\n\t\t\t\t<\/div>\n\t\t\t\t\t<\/div>\n\t\t<\/div>\n\t\t\t\t\t\t\t<\/div>\n\t\t<\/section>\n\t\t\t\t<section class=\"elementor-section elementor-top-section elementor-element elementor-element-545e671 elementor-section-stretched elementor-section-boxed elementor-section-height-default elementor-section-height-default\" data-id=\"545e671\" data-element_type=\"section\" data-settings=\"{&quot;stretch_section&quot;:&quot;section-stretched&quot;}\">\n\t\t\t\t\t\t<div class=\"elementor-container elementor-column-gap-default\">\n\t\t\t\t\t<div class=\"elementor-column elementor-col-16 elementor-top-column elementor-element elementor-element-de05bbe\" data-id=\"de05bbe\" data-element_type=\"column\">\n\t\t\t<div class=\"elementor-widget-wrap elementor-element-populated\">\n\t\t\t\t\t\t\t\t<div class=\"elementor-element elementor-element-0d09c3f elementor-widget elementor-widget-image\" data-id=\"0d09c3f\" data-element_type=\"widget\" data-widget_type=\"image.default\">\n\t\t\t\t<div class=\"elementor-widget-container\">\n\t\t\t\t\t\t\t\t\t\t\t\t\t\t\t<img loading=\"lazy\" decoding=\"async\" width=\"660\" height=\"287\" src=\"https:\/\/atraversombreedanjou.fr\/wp-content\/uploads\/2023\/05\/ombree-danjou-1024x446.jpg\" class=\"attachment-large size-large wp-image-474\" alt=\"\" srcset=\"https:\/\/atraversombreedanjou.fr\/wp-content\/uploads\/2023\/05\/ombree-danjou-1024x446.jpg 1024w, https:\/\/atraversombreedanjou.fr\/wp-content\/uploads\/2023\/05\/ombree-danjou-300x131.jpg 300w, https:\/\/atraversombreedanjou.fr\/wp-content\/uploads\/2023\/05\/ombree-danjou-768x335.jpg 768w, https:\/\/atraversombreedanjou.fr\/wp-content\/uploads\/2023\/05\/ombree-danjou-1536x669.jpg 1536w, https:\/\/atraversombreedanjou.fr\/wp-content\/uploads\/2023\/05\/ombree-danjou-2048x892.jpg 2048w\" sizes=\"auto, (max-width: 660px) 100vw, 660px\" \/>\t\t\t\t\t\t\t\t\t\t\t\t\t\t\t<\/div>\n\t\t\t\t<\/div>\n\t\t\t\t\t<\/div>\n\t\t<\/div>\n\t\t\t\t<div class=\"elementor-column elementor-col-16 elementor-top-column elementor-element elementor-element-7adaeec\" data-id=\"7adaeec\" data-element_type=\"column\">\n\t\t\t<div class=\"elementor-widget-wrap elementor-element-populated\">\n\t\t\t\t\t\t\t\t<div class=\"elementor-element elementor-element-6cbd5fc elementor-widget elementor-widget-image\" data-id=\"6cbd5fc\" data-element_type=\"widget\" data-widget_type=\"image.default\">\n\t\t\t\t<div class=\"elementor-widget-container\">\n\t\t\t\t\t\t\t\t\t\t\t\t\t\t\t<img loading=\"lazy\" decoding=\"async\" width=\"454\" height=\"200\" src=\"https:\/\/atraversombreedanjou.fr\/wp-content\/uploads\/2024\/04\/conseil-dep-ML.png\" class=\"attachment-large size-large wp-image-1348\" alt=\"\" srcset=\"https:\/\/atraversombreedanjou.fr\/wp-content\/uploads\/2024\/04\/conseil-dep-ML.png 454w, https:\/\/atraversombreedanjou.fr\/wp-content\/uploads\/2024\/04\/conseil-dep-ML-300x132.png 300w\" sizes=\"auto, (max-width: 454px) 100vw, 454px\" \/>\t\t\t\t\t\t\t\t\t\t\t\t\t\t\t<\/div>\n\t\t\t\t<\/div>\n\t\t\t\t\t<\/div>\n\t\t<\/div>\n\t\t\t\t<div class=\"elementor-column elementor-col-16 elementor-top-column elementor-element elementor-element-6c4418b\" data-id=\"6c4418b\" data-element_type=\"column\">\n\t\t\t<div class=\"elementor-widget-wrap elementor-element-populated\">\n\t\t\t\t\t\t\t\t<div class=\"elementor-element elementor-element-8a955a8 elementor-widget elementor-widget-image\" data-id=\"8a955a8\" data-element_type=\"widget\" data-widget_type=\"image.default\">\n\t\t\t\t<div class=\"elementor-widget-container\">\n\t\t\t\t\t\t\t\t\t\t\t\t\t\t\t<img loading=\"lazy\" decoding=\"async\" width=\"660\" height=\"247\" src=\"https:\/\/atraversombreedanjou.fr\/wp-content\/uploads\/2024\/04\/credit-mutuel-segre.png\" class=\"attachment-large size-large wp-image-1375\" alt=\"\" srcset=\"https:\/\/atraversombreedanjou.fr\/wp-content\/uploads\/2024\/04\/credit-mutuel-segre.png 719w, https:\/\/atraversombreedanjou.fr\/wp-content\/uploads\/2024\/04\/credit-mutuel-segre-300x112.png 300w\" sizes=\"auto, (max-width: 660px) 100vw, 660px\" \/>\t\t\t\t\t\t\t\t\t\t\t\t\t\t\t<\/div>\n\t\t\t\t<\/div>\n\t\t\t\t\t<\/div>\n\t\t<\/div>\n\t\t\t\t<div class=\"elementor-column elementor-col-16 elementor-top-column elementor-element elementor-element-069bdbd\" data-id=\"069bdbd\" data-element_type=\"column\">\n\t\t\t<div class=\"elementor-widget-wrap elementor-element-populated\">\n\t\t\t\t\t\t\t\t<div class=\"elementor-element elementor-element-113a2a5 elementor-widget elementor-widget-image\" data-id=\"113a2a5\" data-element_type=\"widget\" data-widget_type=\"image.default\">\n\t\t\t\t<div class=\"elementor-widget-container\">\n\t\t\t\t\t\t\t\t\t\t\t\t\t\t\t<img loading=\"lazy\" decoding=\"async\" width=\"660\" height=\"287\" src=\"https:\/\/atraversombreedanjou.fr\/wp-content\/uploads\/2023\/05\/ombree-danjou-1024x446.jpg\" class=\"attachment-large size-large wp-image-474\" alt=\"\" srcset=\"https:\/\/atraversombreedanjou.fr\/wp-content\/uploads\/2023\/05\/ombree-danjou-1024x446.jpg 1024w, https:\/\/atraversombreedanjou.fr\/wp-content\/uploads\/2023\/05\/ombree-danjou-300x131.jpg 300w, https:\/\/atraversombreedanjou.fr\/wp-content\/uploads\/2023\/05\/ombree-danjou-768x335.jpg 768w, https:\/\/atraversombreedanjou.fr\/wp-content\/uploads\/2023\/05\/ombree-danjou-1536x669.jpg 1536w, https:\/\/atraversombreedanjou.fr\/wp-content\/uploads\/2023\/05\/ombree-danjou-2048x892.jpg 2048w\" sizes=\"auto, (max-width: 660px) 100vw, 660px\" \/>\t\t\t\t\t\t\t\t\t\t\t\t\t\t\t<\/div>\n\t\t\t\t<\/div>\n\t\t\t\t\t<\/div>\n\t\t<\/div>\n\t\t\t\t<div class=\"elementor-column elementor-col-16 elementor-top-column elementor-element elementor-element-d268f6b\" data-id=\"d268f6b\" data-element_type=\"column\">\n\t\t\t<div class=\"elementor-widget-wrap elementor-element-populated\">\n\t\t\t\t\t\t\t\t<div class=\"elementor-element elementor-element-fd23d38 elementor-widget elementor-widget-image\" data-id=\"fd23d38\" data-element_type=\"widget\" data-widget_type=\"image.default\">\n\t\t\t\t<div class=\"elementor-widget-container\">\n\t\t\t\t\t\t\t\t\t\t\t\t\t\t\t<img loading=\"lazy\" decoding=\"async\" width=\"454\" height=\"200\" src=\"https:\/\/atraversombreedanjou.fr\/wp-content\/uploads\/2024\/04\/conseil-dep-ML.png\" class=\"attachment-large size-large wp-image-1348\" alt=\"\" srcset=\"https:\/\/atraversombreedanjou.fr\/wp-content\/uploads\/2024\/04\/conseil-dep-ML.png 454w, https:\/\/atraversombreedanjou.fr\/wp-content\/uploads\/2024\/04\/conseil-dep-ML-300x132.png 300w\" sizes=\"auto, (max-width: 454px) 100vw, 454px\" \/>\t\t\t\t\t\t\t\t\t\t\t\t\t\t\t<\/div>\n\t\t\t\t<\/div>\n\t\t\t\t\t<\/div>\n\t\t<\/div>\n\t\t\t\t<div class=\"elementor-column elementor-col-16 elementor-top-column elementor-element elementor-element-fc2874e\" data-id=\"fc2874e\" data-element_type=\"column\">\n\t\t\t<div class=\"elementor-widget-wrap elementor-element-populated\">\n\t\t\t\t\t\t\t\t<div class=\"elementor-element elementor-element-4e4c447 elementor-widget elementor-widget-image\" data-id=\"4e4c447\" data-element_type=\"widget\" data-widget_type=\"image.default\">\n\t\t\t\t<div class=\"elementor-widget-container\">\n\t\t\t\t\t\t\t\t\t\t\t\t\t\t\t<img loading=\"lazy\" decoding=\"async\" width=\"660\" height=\"247\" src=\"https:\/\/atraversombreedanjou.fr\/wp-content\/uploads\/2024\/04\/credit-mutuel-segre.png\" class=\"attachment-large size-large wp-image-1375\" alt=\"\" srcset=\"https:\/\/atraversombreedanjou.fr\/wp-content\/uploads\/2024\/04\/credit-mutuel-segre.png 719w, https:\/\/atraversombreedanjou.fr\/wp-content\/uploads\/2024\/04\/credit-mutuel-segre-300x112.png 300w\" sizes=\"auto, (max-width: 660px) 100vw, 660px\" \/>\t\t\t\t\t\t\t\t\t\t\t\t\t\t\t<\/div>\n\t\t\t\t<\/div>\n\t\t\t\t\t<\/div>\n\t\t<\/div>\n\t\t\t\t\t\t\t<\/div>\n\t\t<\/section>\n\t\t\t\t<section class=\"elementor-section elementor-top-section elementor-element elementor-element-3bccce5 elementor-section-full_width elementor-section-height-default elementor-section-height-default\" data-id=\"3bccce5\" data-element_type=\"section\">\n\t\t\t\t\t\t<div class=\"elementor-container elementor-column-gap-no\">\n\t\t\t\t\t<div class=\"elementor-column elementor-col-100 elementor-top-column elementor-element elementor-element-1bc5fe8\" data-id=\"1bc5fe8\" data-element_type=\"column\">\n\t\t\t<div class=\"elementor-widget-wrap elementor-element-populated\">\n\t\t\t\t\t\t\t\t<div class=\"elementor-element elementor-element-efeac2f elementor-widget elementor-widget-text-editor\" data-id=\"efeac2f\" data-element_type=\"widget\" data-widget_type=\"text-editor.default\">\n\t\t\t\t<div class=\"elementor-widget-container\">\n\t\t\t<style>\/*! elementor - v3.11.3 - 07-03-2023 *\/\n.elementor-widget-text-editor.elementor-drop-cap-view-stacked .elementor-drop-cap{background-color:#818a91;color:#fff}.elementor-widget-text-editor.elementor-drop-cap-view-framed .elementor-drop-cap{color:#818a91;border:3px solid;background-color:transparent}.elementor-widget-text-editor:not(.elementor-drop-cap-view-default) .elementor-drop-cap{margin-top:8px}.elementor-widget-text-editor:not(.elementor-drop-cap-view-default) .elementor-drop-cap-letter{width:1em;height:1em}.elementor-widget-text-editor .elementor-drop-cap{float:left;text-align:center;line-height:1;font-size:50px}.elementor-widget-text-editor .elementor-drop-cap-letter{display:inline-block}<\/style>\t\t\t\t<p>cotoa49520@gmail.com<\/p>\t\t\t\t\t\t<\/div>\n\t\t\t\t<\/div>\n\t\t\t\t\t<\/div>\n\t\t<\/div>\n\t\t\t\t\t\t\t<\/div>\n\t\t<\/section>\n\t\t\t\t\t\t\t<\/div>\n\t\t","protected":false},"excerpt":{"rendered":"<p>cotoa49520@gmail.com<\/p>\n","protected":false},"author":1,"featured_media":0,"parent":0,"menu_order":0,"comment_status":"closed","ping_status":"closed","template":"","meta":{"_monsterinsights_skip_tracking":false,"_monsterinsights_sitenote_active":false,"_monsterinsights_sitenote_note":"","_monsterinsights_sitenote_category":0,"footnotes":""},"class_list":["post-16","page","type-page","status-publish","hentry"],"yoast_head":"<!-- This site is optimized with the Yoast SEO plugin v20.8 - https:\/\/yoast.com\/wordpress\/plugins\/seo\/ -->\n<title>A Travers Ombr\u00e9e d&#039;Anjou site officiel<\/title>\n<meta name=\"description\" content=\"Le COTOA (Comit\u00e9 d\u2019Organisation \u00e0 Travers Ombr\u00e9e d\u2019Anjou) est une association loi 1901 avec un double objectif. Organiser une course cycliste pour passant par toutes les communes d\u00e9l\u00e9gu\u00e9es sans oublier les courses inter g\u00e9n\u00e9rations tout en changeant de lieu de d\u00e9part chaque ann\u00e9e. Cr\u00e9er une dynamique entre les communes d\u00e9l\u00e9gu\u00e9es et leurs associations.\" \/>\n<meta name=\"robots\" content=\"index, follow, max-snippet:-1, max-image-preview:large, max-video-preview:-1\" \/>\n<link rel=\"canonical\" href=\"https:\/\/atraversombreedanjou.fr\/\" \/>\n<meta property=\"og:locale\" content=\"fr_FR\" \/>\n<meta property=\"og:type\" content=\"article\" \/>\n<meta property=\"og:title\" content=\"A Travers Ombr\u00e9e d&#039;Anjou site officiel\" \/>\n<meta property=\"og:description\" content=\"Le COTOA (Comit\u00e9 d\u2019Organisation \u00e0 Travers Ombr\u00e9e d\u2019Anjou) est une association loi 1901 avec un double objectif. Organiser une course cycliste pour passant par toutes les communes d\u00e9l\u00e9gu\u00e9es sans oublier les courses inter g\u00e9n\u00e9rations tout en changeant de lieu de d\u00e9part chaque ann\u00e9e. Cr\u00e9er une dynamique entre les communes d\u00e9l\u00e9gu\u00e9es et leurs associations.\" \/>\n<meta property=\"og:url\" content=\"https:\/\/atraversombreedanjou.fr\/\" \/>\n<meta property=\"og:site_name\" content=\"A Travers Ombr\u00e9e d&#039;Anjou site officiel\" \/>\n<meta property=\"article:publisher\" content=\"https:\/\/www.facebook.com\/atraversombreedanjou.cotoa\" \/>\n<meta property=\"article:modified_time\" content=\"2026-03-05T20:25:13+00:00\" \/>\n<meta property=\"og:image\" content=\"https:\/\/atraversombreedanjou.fr\/wp-content\/uploads\/2026\/03\/Affiche-COTOA-2026-724x1024.png\" \/>\n<meta name=\"twitter:card\" content=\"summary_large_image\" \/>\n<meta name=\"twitter:label1\" content=\"Dur\u00e9e de lecture estim\u00e9e\" \/>\n\t<meta name=\"twitter:data1\" content=\"2 minutes\" \/>\n<script type=\"application\/ld+json\" class=\"yoast-schema-graph\">{\"@context\":\"https:\/\/schema.org\",\"@graph\":[{\"@type\":\"WebPage\",\"@id\":\"https:\/\/atraversombreedanjou.fr\/\",\"url\":\"https:\/\/atraversombreedanjou.fr\/\",\"name\":\"A Travers Ombr\u00e9e d&#039;Anjou site officiel\",\"isPartOf\":{\"@id\":\"https:\/\/atraversombreedanjou.fr\/#website\"},\"datePublished\":\"2023-02-28T16:11:46+00:00\",\"dateModified\":\"2026-03-05T20:25:13+00:00\",\"description\":\"Le COTOA (Comit\u00e9 d\u2019Organisation \u00e0 Travers Ombr\u00e9e d\u2019Anjou) est une association loi 1901 avec un double objectif. Organiser une course cycliste pour passant par toutes les communes d\u00e9l\u00e9gu\u00e9es sans oublier les courses inter g\u00e9n\u00e9rations tout en changeant de lieu de d\u00e9part chaque ann\u00e9e. Cr\u00e9er une dynamique entre les communes d\u00e9l\u00e9gu\u00e9es et leurs associations.\",\"inLanguage\":\"fr-FR\",\"potentialAction\":[{\"@type\":\"ReadAction\",\"target\":[\"https:\/\/atraversombreedanjou.fr\/\"]}]},{\"@type\":\"WebSite\",\"@id\":\"https:\/\/atraversombreedanjou.fr\/#website\",\"url\":\"https:\/\/atraversombreedanjou.fr\/\",\"name\":\"A Travers Ombr\u00e9e d'Anjou\",\"description\":\"COTOA Organisation\",\"publisher\":{\"@id\":\"https:\/\/atraversombreedanjou.fr\/#organization\"},\"alternateName\":\"atraversombreedanjou\",\"potentialAction\":[{\"@type\":\"SearchAction\",\"target\":{\"@type\":\"EntryPoint\",\"urlTemplate\":\"https:\/\/atraversombreedanjou.fr\/?s={search_term_string}\"},\"query-input\":\"required name=search_term_string\"}],\"inLanguage\":\"fr-FR\"},{\"@type\":\"Organization\",\"@id\":\"https:\/\/atraversombreedanjou.fr\/#organization\",\"name\":\"Comit\u00e9 d\u2019Organisation \u00e0 Travers Ombr\u00e9e d\u2019Anjou\",\"alternateName\":\"COTOA\",\"url\":\"https:\/\/atraversombreedanjou.fr\/\",\"logo\":{\"@type\":\"ImageObject\",\"inLanguage\":\"fr-FR\",\"@id\":\"https:\/\/atraversombreedanjou.fr\/#\/schema\/logo\/image\/\",\"url\":\"https:\/\/atraversombreedanjou.fr\/wp-content\/uploads\/2023\/03\/logo-cotoa.png\",\"contentUrl\":\"https:\/\/atraversombreedanjou.fr\/wp-content\/uploads\/2023\/03\/logo-cotoa.png\",\"width\":764,\"height\":764,\"caption\":\"Comit\u00e9 d\u2019Organisation \u00e0 Travers Ombr\u00e9e d\u2019Anjou\"},\"image\":{\"@id\":\"https:\/\/atraversombreedanjou.fr\/#\/schema\/logo\/image\/\"},\"sameAs\":[\"https:\/\/www.facebook.com\/atraversombreedanjou.cotoa\"]}]}<\/script>\n<!-- \/ Yoast SEO plugin. -->","yoast_head_json":{"title":"A Travers Ombr\u00e9e d&#039;Anjou site officiel","description":"Le COTOA (Comit\u00e9 d\u2019Organisation \u00e0 Travers Ombr\u00e9e d\u2019Anjou) est une association loi 1901 avec un double objectif. Organiser une course cycliste pour passant par toutes les communes d\u00e9l\u00e9gu\u00e9es sans oublier les courses inter g\u00e9n\u00e9rations tout en changeant de lieu de d\u00e9part chaque ann\u00e9e. Cr\u00e9er une dynamique entre les communes d\u00e9l\u00e9gu\u00e9es et leurs associations.","robots":{"index":"index","follow":"follow","max-snippet":"max-snippet:-1","max-image-preview":"max-image-preview:large","max-video-preview":"max-video-preview:-1"},"canonical":"https:\/\/atraversombreedanjou.fr\/","og_locale":"fr_FR","og_type":"article","og_title":"A Travers Ombr\u00e9e d&#039;Anjou site officiel","og_description":"Le COTOA (Comit\u00e9 d\u2019Organisation \u00e0 Travers Ombr\u00e9e d\u2019Anjou) est une association loi 1901 avec un double objectif. Organiser une course cycliste pour passant par toutes les communes d\u00e9l\u00e9gu\u00e9es sans oublier les courses inter g\u00e9n\u00e9rations tout en changeant de lieu de d\u00e9part chaque ann\u00e9e. Cr\u00e9er une dynamique entre les communes d\u00e9l\u00e9gu\u00e9es et leurs associations.","og_url":"https:\/\/atraversombreedanjou.fr\/","og_site_name":"A Travers Ombr\u00e9e d&#039;Anjou site officiel","article_publisher":"https:\/\/www.facebook.com\/atraversombreedanjou.cotoa","article_modified_time":"2026-03-05T20:25:13+00:00","og_image":[{"url":"https:\/\/atraversombreedanjou.fr\/wp-content\/uploads\/2026\/03\/Affiche-COTOA-2026-724x1024.png"}],"twitter_card":"summary_large_image","twitter_misc":{"Dur\u00e9e de lecture estim\u00e9e":"2 minutes"},"schema":{"@context":"https:\/\/schema.org","@graph":[{"@type":"WebPage","@id":"https:\/\/atraversombreedanjou.fr\/","url":"https:\/\/atraversombreedanjou.fr\/","name":"A Travers Ombr\u00e9e d&#039;Anjou site officiel","isPartOf":{"@id":"https:\/\/atraversombreedanjou.fr\/#website"},"datePublished":"2023-02-28T16:11:46+00:00","dateModified":"2026-03-05T20:25:13+00:00","description":"Le COTOA (Comit\u00e9 d\u2019Organisation \u00e0 Travers Ombr\u00e9e d\u2019Anjou) est une association loi 1901 avec un double objectif. Organiser une course cycliste pour passant par toutes les communes d\u00e9l\u00e9gu\u00e9es sans oublier les courses inter g\u00e9n\u00e9rations tout en changeant de lieu de d\u00e9part chaque ann\u00e9e. Cr\u00e9er une dynamique entre les communes d\u00e9l\u00e9gu\u00e9es et leurs associations.","inLanguage":"fr-FR","potentialAction":[{"@type":"ReadAction","target":["https:\/\/atraversombreedanjou.fr\/"]}]},{"@type":"WebSite","@id":"https:\/\/atraversombreedanjou.fr\/#website","url":"https:\/\/atraversombreedanjou.fr\/","name":"A Travers Ombr\u00e9e d'Anjou","description":"COTOA Organisation","publisher":{"@id":"https:\/\/atraversombreedanjou.fr\/#organization"},"alternateName":"atraversombreedanjou","potentialAction":[{"@type":"SearchAction","target":{"@type":"EntryPoint","urlTemplate":"https:\/\/atraversombreedanjou.fr\/?s={search_term_string}"},"query-input":"required name=search_term_string"}],"inLanguage":"fr-FR"},{"@type":"Organization","@id":"https:\/\/atraversombreedanjou.fr\/#organization","name":"Comit\u00e9 d\u2019Organisation \u00e0 Travers Ombr\u00e9e d\u2019Anjou","alternateName":"COTOA","url":"https:\/\/atraversombreedanjou.fr\/","logo":{"@type":"ImageObject","inLanguage":"fr-FR","@id":"https:\/\/atraversombreedanjou.fr\/#\/schema\/logo\/image\/","url":"https:\/\/atraversombreedanjou.fr\/wp-content\/uploads\/2023\/03\/logo-cotoa.png","contentUrl":"https:\/\/atraversombreedanjou.fr\/wp-content\/uploads\/2023\/03\/logo-cotoa.png","width":764,"height":764,"caption":"Comit\u00e9 d\u2019Organisation \u00e0 Travers Ombr\u00e9e d\u2019Anjou"},"image":{"@id":"https:\/\/atraversombreedanjou.fr\/#\/schema\/logo\/image\/"},"sameAs":["https:\/\/www.facebook.com\/atraversombreedanjou.cotoa"]}]}},"_links":{"self":[{"href":"https:\/\/atraversombreedanjou.fr\/index.php\/wp-json\/wp\/v2\/pages\/16","targetHints":{"allow":["GET"]}}],"collection":[{"href":"https:\/\/atraversombreedanjou.fr\/index.php\/wp-json\/wp\/v2\/pages"}],"about":[{"href":"https:\/\/atraversombreedanjou.fr\/index.php\/wp-json\/wp\/v2\/types\/page"}],"author":[{"embeddable":true,"href":"https:\/\/atraversombreedanjou.fr\/index.php\/wp-json\/wp\/v2\/users\/1"}],"replies":[{"embeddable":true,"href":"https:\/\/atraversombreedanjou.fr\/index.php\/wp-json\/wp\/v2\/comments?post=16"}],"version-history":[{"count":249,"href":"https:\/\/atraversombreedanjou.fr\/index.php\/wp-json\/wp\/v2\/pages\/16\/revisions"}],"predecessor-version":[{"id":1982,"href":"https:\/\/atraversombreedanjou.fr\/index.php\/wp-json\/wp\/v2\/pages\/16\/revisions\/1982"}],"wp:attachment":[{"href":"https:\/\/atraversombreedanjou.fr\/index.php\/wp-json\/wp\/v2\/media?parent=16"}],"curies":[{"name":"wp","href":"https:\/\/api.w.org\/{rel}","templated":true}]}}