{"id":300,"date":"2023-04-28T08:49:54","date_gmt":"2023-04-28T06:49:54","guid":{"rendered":"https:\/\/atraversombreedanjou.fr\/?page_id=300"},"modified":"2024-12-11T21:31:46","modified_gmt":"2024-12-11T20:31:46","slug":"devenir-partenaire","status":"publish","type":"page","link":"https:\/\/atraversombreedanjou.fr\/index.php\/devenir-partenaire\/","title":{"rendered":"Devenir partenaire"},"content":{"rendered":"\t\t<div data-elementor-type=\"wp-page\" data-elementor-id=\"300\" class=\"elementor elementor-300\">\n\t\t\t\t\t\t\t\t\t<section class=\"elementor-section elementor-top-section elementor-element elementor-element-d07aa3e elementor-section-full_width elementor-section-stretched elementor-section-height-default elementor-section-height-default\" data-id=\"d07aa3e\" data-element_type=\"section\" data-settings=\"{&quot;stretch_section&quot;:&quot;section-stretched&quot;}\">\n\t\t\t\t\t\t<div class=\"elementor-container elementor-column-gap-narrow\">\n\t\t\t\t\t<div class=\"elementor-column elementor-col-50 elementor-top-column elementor-element elementor-element-9aaa483\" data-id=\"9aaa483\" data-element_type=\"column\">\n\t\t\t<div class=\"elementor-widget-wrap elementor-element-populated\">\n\t\t\t\t\t\t\t\t<div class=\"elementor-element elementor-element-8f29d30 elementor-widget elementor-widget-image\" data-id=\"8f29d30\" data-element_type=\"widget\" data-widget_type=\"image.default\">\n\t\t\t\t<div class=\"elementor-widget-container\">\n\t\t\t<style>\/*! elementor - v3.11.3 - 07-03-2023 *\/\n.elementor-widget-image{text-align:center}.elementor-widget-image a{display:inline-block}.elementor-widget-image a img[src$=\".svg\"]{width:48px}.elementor-widget-image img{vertical-align:middle;display:inline-block}<\/style>\t\t\t\t\t\t\t\t\t\t\t\t<img loading=\"lazy\" decoding=\"async\" width=\"660\" height=\"437\" src=\"https:\/\/atraversombreedanjou.fr\/wp-content\/uploads\/2023\/04\/XLS_0636-1024x678.jpg\" class=\"attachment-large size-large wp-image-402\" alt=\"\" srcset=\"https:\/\/atraversombreedanjou.fr\/wp-content\/uploads\/2023\/04\/XLS_0636-1024x678.jpg 1024w, https:\/\/atraversombreedanjou.fr\/wp-content\/uploads\/2023\/04\/XLS_0636-300x200.jpg 300w, https:\/\/atraversombreedanjou.fr\/wp-content\/uploads\/2023\/04\/XLS_0636-768x509.jpg 768w, https:\/\/atraversombreedanjou.fr\/wp-content\/uploads\/2023\/04\/XLS_0636.jpg 1359w\" sizes=\"auto, (max-width: 660px) 100vw, 660px\" \/>\t\t\t\t\t\t\t\t\t\t\t\t\t\t\t<\/div>\n\t\t\t\t<\/div>\n\t\t\t\t\t<\/div>\n\t\t<\/div>\n\t\t\t\t<div class=\"elementor-column elementor-col-50 elementor-top-column elementor-element elementor-element-a99bd14\" data-id=\"a99bd14\" data-element_type=\"column\">\n\t\t\t<div class=\"elementor-widget-wrap elementor-element-populated\">\n\t\t\t\t\t\t\t\t<div class=\"elementor-element elementor-element-200aea3 elementor-widget elementor-widget-text-editor\" data-id=\"200aea3\" data-element_type=\"widget\" data-widget_type=\"text-editor.default\">\n\t\t\t\t<div class=\"elementor-widget-container\">\n\t\t\t<style>\/*! elementor - v3.11.3 - 07-03-2023 *\/\n.elementor-widget-text-editor.elementor-drop-cap-view-stacked .elementor-drop-cap{background-color:#818a91;color:#fff}.elementor-widget-text-editor.elementor-drop-cap-view-framed .elementor-drop-cap{color:#818a91;border:3px solid;background-color:transparent}.elementor-widget-text-editor:not(.elementor-drop-cap-view-default) .elementor-drop-cap{margin-top:8px}.elementor-widget-text-editor:not(.elementor-drop-cap-view-default) .elementor-drop-cap-letter{width:1em;height:1em}.elementor-widget-text-editor .elementor-drop-cap{float:left;text-align:center;line-height:1;font-size:50px}.elementor-widget-text-editor .elementor-drop-cap-letter{display:inline-block}<\/style>\t\t\t\t<ul><li><strong><span style=\"color: #ff0000;\">\u00a0Pour votre emtreprise:<\/span><\/strong><\/li><li><strong><span style=\"color: #ff0000;\">\u00a0<\/span><\/strong><\/li><li><b style=\"color: #000000; font-family: var( --e-global-typography-text-font-family ), Sans-serif; font-size: var( --e-global-typography-text-font-size );\">\u00a0Mise en place de vos supports publicitaires sur la zone d&rsquo;arriv\u00e9e et protocolaire.<\/b><\/li><li><b style=\"color: #000000; font-family: var( --e-global-typography-text-font-family ), Sans-serif; font-size: var( --e-global-typography-text-font-size );\">\u00a0Plusieurs passages publicitaires de votre entreprise et activit\u00e9 par nos speakers.<\/b><\/li><li><b style=\"color: #000000; font-family: var( --e-global-typography-text-font-family ), Sans-serif; font-size: var( --e-global-typography-text-font-size );\">Visibilit\u00e9 sur notre site internet et r\u00e9seaux num\u00e9riques.<\/b><\/li><li><span style=\"color: #000000;\"><b>La possibilit\u00e9 de remises de r\u00e9compenses<\/b><\/span><b style=\"color: #000000; font-family: var( --e-global-typography-text-font-family ), Sans-serif; font-size: var( --e-global-typography-text-font-size );\">\u00a0<\/b><\/li><li><b style=\"color: #000000; font-family: var( --e-global-typography-text-font-family ), Sans-serif; font-size: var( --e-global-typography-text-font-size );\">Cr\u00e9er une activit\u00e9.<\/b><\/li><\/ul><div>\u00a0<\/div>\t\t\t\t\t\t<\/div>\n\t\t\t\t<\/div>\n\t\t\t\t\t<\/div>\n\t\t<\/div>\n\t\t\t\t\t\t\t<\/div>\n\t\t<\/section>\n\t\t\t\t<section class=\"elementor-section elementor-top-section elementor-element elementor-element-ae0d0ed elementor-section-full_width elementor-section-stretched elementor-section-height-default elementor-section-height-default\" data-id=\"ae0d0ed\" data-element_type=\"section\" data-settings=\"{&quot;stretch_section&quot;:&quot;section-stretched&quot;}\">\n\t\t\t\t\t\t<div class=\"elementor-container elementor-column-gap-narrow\">\n\t\t\t\t\t<div class=\"elementor-column elementor-col-50 elementor-top-column elementor-element elementor-element-260e9dd\" data-id=\"260e9dd\" data-element_type=\"column\">\n\t\t\t<div class=\"elementor-widget-wrap elementor-element-populated\">\n\t\t\t\t\t\t\t\t<div class=\"elementor-element elementor-element-eb2f90b elementor-widget elementor-widget-text-editor\" data-id=\"eb2f90b\" data-element_type=\"widget\" data-widget_type=\"text-editor.default\">\n\t\t\t\t<div class=\"elementor-widget-container\">\n\t\t\t\t\t\t\t<ul><li><strong><span style=\"color: #ff0000;\">Pour la course:<\/span><\/strong><\/li><li><strong><span style=\"color: #ff0000;\">\u00a0<\/span><\/strong><\/li><li><strong><span style=\"color: #000000;\">P\u00e9r\u00e9niser l&rsquo;\u00e9v\u00e8nement et le faire \u00e9voluer pour faire vivre notre territoire.<\/span><\/strong><\/li><li><strong><span style=\"color: #000000;\">Vos services permettront une organisation optimale sur la course et pour les b\u00e9n\u00e9voles.<\/span><\/strong><\/li><li><strong><span style=\"color: #000000;\">Source de motivation toute l&rsquo;\u00e9quipe du COTOA et les 120 b\u00e9n\u00e9voles sont mobilis\u00e9s pour cette belle journ\u00e9e sportive.<\/span><\/strong><b style=\"color: #000000; background-color: var( --e-global-color-secondary ); font-family: var( --e-global-typography-text-font-family ), Sans-serif; font-size: var( --e-global-typography-text-font-size );\">\u00a0<\/b><\/li><\/ul><div><span style=\"color: #000000;\"><b>\u00a0<\/b><\/span><\/div><div>\u00a0<\/div>\t\t\t\t\t\t<\/div>\n\t\t\t\t<\/div>\n\t\t\t\t\t<\/div>\n\t\t<\/div>\n\t\t\t\t<div class=\"elementor-column elementor-col-50 elementor-top-column elementor-element elementor-element-1411891\" data-id=\"1411891\" data-element_type=\"column\">\n\t\t\t<div class=\"elementor-widget-wrap elementor-element-populated\">\n\t\t\t\t\t\t\t\t<div class=\"elementor-element elementor-element-d01dbb1 elementor-widget elementor-widget-image\" data-id=\"d01dbb1\" data-element_type=\"widget\" data-widget_type=\"image.default\">\n\t\t\t\t<div class=\"elementor-widget-container\">\n\t\t\t\t\t\t\t\t\t\t\t\t\t\t\t<img loading=\"lazy\" decoding=\"async\" width=\"660\" height=\"437\" src=\"https:\/\/atraversombreedanjou.fr\/wp-content\/uploads\/2023\/04\/XL2_5472-1024x678.jpg\" class=\"attachment-large size-large wp-image-404\" alt=\"\" srcset=\"https:\/\/atraversombreedanjou.fr\/wp-content\/uploads\/2023\/04\/XL2_5472-1024x678.jpg 1024w, https:\/\/atraversombreedanjou.fr\/wp-content\/uploads\/2023\/04\/XL2_5472-300x200.jpg 300w, https:\/\/atraversombreedanjou.fr\/wp-content\/uploads\/2023\/04\/XL2_5472-768x509.jpg 768w, https:\/\/atraversombreedanjou.fr\/wp-content\/uploads\/2023\/04\/XL2_5472.jpg 1359w\" sizes=\"auto, (max-width: 660px) 100vw, 660px\" \/>\t\t\t\t\t\t\t\t\t\t\t\t\t\t\t<\/div>\n\t\t\t\t<\/div>\n\t\t\t\t\t<\/div>\n\t\t<\/div>\n\t\t\t\t\t\t\t<\/div>\n\t\t<\/section>\n\t\t\t\t<section class=\"elementor-section elementor-top-section elementor-element elementor-element-e0c7e5b elementor-section-stretched elementor-section-boxed elementor-section-height-default elementor-section-height-default\" data-id=\"e0c7e5b\" data-element_type=\"section\" data-settings=\"{&quot;stretch_section&quot;:&quot;section-stretched&quot;}\">\n\t\t\t\t\t\t<div class=\"elementor-container elementor-column-gap-default\">\n\t\t\t\t\t<div class=\"elementor-column elementor-col-100 elementor-top-column elementor-element elementor-element-7c66335\" data-id=\"7c66335\" data-element_type=\"column\">\n\t\t\t<div class=\"elementor-widget-wrap elementor-element-populated\">\n\t\t\t\t\t\t\t\t<div class=\"elementor-element elementor-element-a8728a0 elementor-widget elementor-widget-text-editor\" data-id=\"a8728a0\" data-element_type=\"widget\" data-widget_type=\"text-editor.default\">\n\t\t\t\t<div class=\"elementor-widget-container\">\n\t\t\t\t\t\t\t<p style=\"text-align: center;\"><strong><span style=\"color: #ff0000;\">.Comme nos partenaires fid\u00e8les optez pour une solution adapt\u00e9e\u00a0<\/span><\/strong><\/p><div>\u00a0<strong><span style=\"color: #000000;\">&#8211; Partenaire de service, v\u00e9hicules, logistique.<\/span><\/strong><br \/><strong><span style=\"color: #000000;\">\u00a0&#8211; Sponsor publicitaire pour une ou trois ann\u00e9es.<\/span><\/strong><br \/><strong><span style=\"color: #000000;\">&#8211; M\u00e9c\u00e8ne priv\u00e9 ou entreprise.<\/span><\/strong><\/div>\t\t\t\t\t\t<\/div>\n\t\t\t\t<\/div>\n\t\t\t\t\t<\/div>\n\t\t<\/div>\n\t\t\t\t\t\t\t<\/div>\n\t\t<\/section>\n\t\t\t\t<section class=\"elementor-section elementor-top-section elementor-element elementor-element-13d7093 elementor-section-stretched elementor-section-boxed elementor-section-height-default elementor-section-height-default\" data-id=\"13d7093\" data-element_type=\"section\" data-settings=\"{&quot;stretch_section&quot;:&quot;section-stretched&quot;}\">\n\t\t\t\t\t\t<div class=\"elementor-container elementor-column-gap-default\">\n\t\t\t\t\t<div class=\"elementor-column elementor-col-100 elementor-top-column elementor-element elementor-element-b9823ae\" data-id=\"b9823ae\" data-element_type=\"column\">\n\t\t\t<div class=\"elementor-widget-wrap elementor-element-populated\">\n\t\t\t\t\t\t\t\t<div class=\"elementor-element elementor-element-b309f9f elementor-widget elementor-widget-text-editor\" data-id=\"b309f9f\" data-element_type=\"widget\" data-widget_type=\"text-editor.default\">\n\t\t\t\t<div class=\"elementor-widget-container\">\n\t\t\t\t\t\t\t<p style=\"text-align: center;\"><span style=\"color: #ff0000;\"><strong>Devenir partenaires, je prends contact .<\/strong><\/span><\/p>\n<p><\/p>\n<p><ol><li><span style=\"color: #000000;\">&nbsp; &nbsp; &nbsp; &nbsp; &nbsp; &nbsp; &nbsp; &nbsp; &nbsp; &nbsp; &nbsp; &nbsp; Jacky Juteau&nbsp; et&nbsp; &nbsp;<\/span><span style=\"color: #000000;\">Laurent jegat<b>&nbsp; <\/b><\/span>&nbsp;&nbsp;<\/li><\/ol><\/p>\n<ul>\n<li style=\"text-align: center;\">&nbsp;<\/li>\n<li style=\"text-align: center;\">Messagerie&nbsp; : <b>cotoa49520@gmail.com<\/b>&nbsp;<\/li>\n<\/ul>\n<div style=\"text-align: center;\">&nbsp;<\/div>\t\t\t\t\t\t<\/div>\n\t\t\t\t<\/div>\n\t\t\t\t\t<\/div>\n\t\t<\/div>\n\t\t\t\t\t\t\t<\/div>\n\t\t<\/section>\n\t\t\t\t\t\t\t<\/div>\n\t\t","protected":false},"excerpt":{"rendered":"<p>\u00a0Pour votre emtreprise: \u00a0 \u00a0Mise en place de vos supports publicitaires sur la zone d&rsquo;arriv\u00e9e et protocolaire. \u00a0Plusieurs passages publicitaires de votre entreprise et activit\u00e9 par nos speakers. Visibilit\u00e9 sur [&hellip;]<\/p>\n","protected":false},"author":2,"featured_media":0,"parent":0,"menu_order":0,"comment_status":"closed","ping_status":"closed","template":"","meta":{"_monsterinsights_skip_tracking":false,"_monsterinsights_sitenote_active":false,"_monsterinsights_sitenote_note":"","_monsterinsights_sitenote_category":0,"footnotes":""},"class_list":["post-300","page","type-page","status-publish","hentry"],"yoast_head":"<!-- This site is optimized with the Yoast SEO plugin v20.8 - https:\/\/yoast.com\/wordpress\/plugins\/seo\/ -->\n<title>Devenir partenaire - A Travers Ombr\u00e9e d&#039;Anjou site officiel<\/title>\n<meta name=\"robots\" content=\"index, follow, max-snippet:-1, max-image-preview:large, max-video-preview:-1\" \/>\n<link rel=\"canonical\" href=\"https:\/\/atraversombreedanjou.fr\/index.php\/devenir-partenaire\/\" \/>\n<meta property=\"og:locale\" content=\"fr_FR\" \/>\n<meta property=\"og:type\" content=\"article\" \/>\n<meta property=\"og:title\" content=\"Devenir partenaire - A Travers Ombr\u00e9e d&#039;Anjou site officiel\" \/>\n<meta property=\"og:description\" content=\"\u00a0Pour votre emtreprise: \u00a0 \u00a0Mise en place de vos supports publicitaires sur la zone d&rsquo;arriv\u00e9e et protocolaire. \u00a0Plusieurs passages publicitaires de votre entreprise et activit\u00e9 par nos speakers. Visibilit\u00e9 sur [&hellip;]\" \/>\n<meta property=\"og:url\" content=\"https:\/\/atraversombreedanjou.fr\/index.php\/devenir-partenaire\/\" \/>\n<meta property=\"og:site_name\" content=\"A Travers Ombr\u00e9e d&#039;Anjou site officiel\" \/>\n<meta property=\"article:publisher\" content=\"https:\/\/www.facebook.com\/atraversombreedanjou.cotoa\" \/>\n<meta property=\"article:modified_time\" content=\"2024-12-11T20:31:46+00:00\" \/>\n<meta property=\"og:image\" content=\"https:\/\/atraversombreedanjou.fr\/wp-content\/uploads\/2023\/04\/XLS_0636-1024x678.jpg\" \/>\n<meta name=\"twitter:card\" content=\"summary_large_image\" \/>\n<meta name=\"twitter:label1\" content=\"Dur\u00e9e de lecture estim\u00e9e\" \/>\n\t<meta name=\"twitter:data1\" content=\"2 minutes\" \/>\n<script type=\"application\/ld+json\" class=\"yoast-schema-graph\">{\"@context\":\"https:\/\/schema.org\",\"@graph\":[{\"@type\":\"WebPage\",\"@id\":\"https:\/\/atraversombreedanjou.fr\/index.php\/devenir-partenaire\/\",\"url\":\"https:\/\/atraversombreedanjou.fr\/index.php\/devenir-partenaire\/\",\"name\":\"Devenir partenaire - A Travers Ombr\u00e9e d&#039;Anjou site officiel\",\"isPartOf\":{\"@id\":\"https:\/\/atraversombreedanjou.fr\/#website\"},\"datePublished\":\"2023-04-28T06:49:54+00:00\",\"dateModified\":\"2024-12-11T20:31:46+00:00\",\"breadcrumb\":{\"@id\":\"https:\/\/atraversombreedanjou.fr\/index.php\/devenir-partenaire\/#breadcrumb\"},\"inLanguage\":\"fr-FR\",\"potentialAction\":[{\"@type\":\"ReadAction\",\"target\":[\"https:\/\/atraversombreedanjou.fr\/index.php\/devenir-partenaire\/\"]}]},{\"@type\":\"BreadcrumbList\",\"@id\":\"https:\/\/atraversombreedanjou.fr\/index.php\/devenir-partenaire\/#breadcrumb\",\"itemListElement\":[{\"@type\":\"ListItem\",\"position\":1,\"name\":\"Accueil\",\"item\":\"https:\/\/atraversombreedanjou.fr\/\"},{\"@type\":\"ListItem\",\"position\":2,\"name\":\"Devenir partenaire\"}]},{\"@type\":\"WebSite\",\"@id\":\"https:\/\/atraversombreedanjou.fr\/#website\",\"url\":\"https:\/\/atraversombreedanjou.fr\/\",\"name\":\"A Travers Ombr\u00e9e d'Anjou\",\"description\":\"COTOA Organisation\",\"publisher\":{\"@id\":\"https:\/\/atraversombreedanjou.fr\/#organization\"},\"alternateName\":\"atraversombreedanjou\",\"potentialAction\":[{\"@type\":\"SearchAction\",\"target\":{\"@type\":\"EntryPoint\",\"urlTemplate\":\"https:\/\/atraversombreedanjou.fr\/?s={search_term_string}\"},\"query-input\":\"required name=search_term_string\"}],\"inLanguage\":\"fr-FR\"},{\"@type\":\"Organization\",\"@id\":\"https:\/\/atraversombreedanjou.fr\/#organization\",\"name\":\"Comit\u00e9 d\u2019Organisation \u00e0 Travers Ombr\u00e9e d\u2019Anjou\",\"alternateName\":\"COTOA\",\"url\":\"https:\/\/atraversombreedanjou.fr\/\",\"logo\":{\"@type\":\"ImageObject\",\"inLanguage\":\"fr-FR\",\"@id\":\"https:\/\/atraversombreedanjou.fr\/#\/schema\/logo\/image\/\",\"url\":\"https:\/\/atraversombreedanjou.fr\/wp-content\/uploads\/2023\/03\/logo-cotoa.png\",\"contentUrl\":\"https:\/\/atraversombreedanjou.fr\/wp-content\/uploads\/2023\/03\/logo-cotoa.png\",\"width\":764,\"height\":764,\"caption\":\"Comit\u00e9 d\u2019Organisation \u00e0 Travers Ombr\u00e9e d\u2019Anjou\"},\"image\":{\"@id\":\"https:\/\/atraversombreedanjou.fr\/#\/schema\/logo\/image\/\"},\"sameAs\":[\"https:\/\/www.facebook.com\/atraversombreedanjou.cotoa\"]}]}<\/script>\n<!-- \/ Yoast SEO plugin. -->","yoast_head_json":{"title":"Devenir partenaire - A Travers Ombr\u00e9e d&#039;Anjou site officiel","robots":{"index":"index","follow":"follow","max-snippet":"max-snippet:-1","max-image-preview":"max-image-preview:large","max-video-preview":"max-video-preview:-1"},"canonical":"https:\/\/atraversombreedanjou.fr\/index.php\/devenir-partenaire\/","og_locale":"fr_FR","og_type":"article","og_title":"Devenir partenaire - A Travers Ombr\u00e9e d&#039;Anjou site officiel","og_description":"\u00a0Pour votre emtreprise: \u00a0 \u00a0Mise en place de vos supports publicitaires sur la zone d&rsquo;arriv\u00e9e et protocolaire. \u00a0Plusieurs passages publicitaires de votre entreprise et activit\u00e9 par nos speakers. Visibilit\u00e9 sur [&hellip;]","og_url":"https:\/\/atraversombreedanjou.fr\/index.php\/devenir-partenaire\/","og_site_name":"A Travers Ombr\u00e9e d&#039;Anjou site officiel","article_publisher":"https:\/\/www.facebook.com\/atraversombreedanjou.cotoa","article_modified_time":"2024-12-11T20:31:46+00:00","og_image":[{"url":"https:\/\/atraversombreedanjou.fr\/wp-content\/uploads\/2023\/04\/XLS_0636-1024x678.jpg"}],"twitter_card":"summary_large_image","twitter_misc":{"Dur\u00e9e de lecture estim\u00e9e":"2 minutes"},"schema":{"@context":"https:\/\/schema.org","@graph":[{"@type":"WebPage","@id":"https:\/\/atraversombreedanjou.fr\/index.php\/devenir-partenaire\/","url":"https:\/\/atraversombreedanjou.fr\/index.php\/devenir-partenaire\/","name":"Devenir partenaire - A Travers Ombr\u00e9e d&#039;Anjou site officiel","isPartOf":{"@id":"https:\/\/atraversombreedanjou.fr\/#website"},"datePublished":"2023-04-28T06:49:54+00:00","dateModified":"2024-12-11T20:31:46+00:00","breadcrumb":{"@id":"https:\/\/atraversombreedanjou.fr\/index.php\/devenir-partenaire\/#breadcrumb"},"inLanguage":"fr-FR","potentialAction":[{"@type":"ReadAction","target":["https:\/\/atraversombreedanjou.fr\/index.php\/devenir-partenaire\/"]}]},{"@type":"BreadcrumbList","@id":"https:\/\/atraversombreedanjou.fr\/index.php\/devenir-partenaire\/#breadcrumb","itemListElement":[{"@type":"ListItem","position":1,"name":"Accueil","item":"https:\/\/atraversombreedanjou.fr\/"},{"@type":"ListItem","position":2,"name":"Devenir partenaire"}]},{"@type":"WebSite","@id":"https:\/\/atraversombreedanjou.fr\/#website","url":"https:\/\/atraversombreedanjou.fr\/","name":"A Travers Ombr\u00e9e d'Anjou","description":"COTOA Organisation","publisher":{"@id":"https:\/\/atraversombreedanjou.fr\/#organization"},"alternateName":"atraversombreedanjou","potentialAction":[{"@type":"SearchAction","target":{"@type":"EntryPoint","urlTemplate":"https:\/\/atraversombreedanjou.fr\/?s={search_term_string}"},"query-input":"required name=search_term_string"}],"inLanguage":"fr-FR"},{"@type":"Organization","@id":"https:\/\/atraversombreedanjou.fr\/#organization","name":"Comit\u00e9 d\u2019Organisation \u00e0 Travers Ombr\u00e9e d\u2019Anjou","alternateName":"COTOA","url":"https:\/\/atraversombreedanjou.fr\/","logo":{"@type":"ImageObject","inLanguage":"fr-FR","@id":"https:\/\/atraversombreedanjou.fr\/#\/schema\/logo\/image\/","url":"https:\/\/atraversombreedanjou.fr\/wp-content\/uploads\/2023\/03\/logo-cotoa.png","contentUrl":"https:\/\/atraversombreedanjou.fr\/wp-content\/uploads\/2023\/03\/logo-cotoa.png","width":764,"height":764,"caption":"Comit\u00e9 d\u2019Organisation \u00e0 Travers Ombr\u00e9e d\u2019Anjou"},"image":{"@id":"https:\/\/atraversombreedanjou.fr\/#\/schema\/logo\/image\/"},"sameAs":["https:\/\/www.facebook.com\/atraversombreedanjou.cotoa"]}]}},"_links":{"self":[{"href":"https:\/\/atraversombreedanjou.fr\/index.php\/wp-json\/wp\/v2\/pages\/300","targetHints":{"allow":["GET"]}}],"collection":[{"href":"https:\/\/atraversombreedanjou.fr\/index.php\/wp-json\/wp\/v2\/pages"}],"about":[{"href":"https:\/\/atraversombreedanjou.fr\/index.php\/wp-json\/wp\/v2\/types\/page"}],"author":[{"embeddable":true,"href":"https:\/\/atraversombreedanjou.fr\/index.php\/wp-json\/wp\/v2\/users\/2"}],"replies":[{"embeddable":true,"href":"https:\/\/atraversombreedanjou.fr\/index.php\/wp-json\/wp\/v2\/comments?post=300"}],"version-history":[{"count":76,"href":"https:\/\/atraversombreedanjou.fr\/index.php\/wp-json\/wp\/v2\/pages\/300\/revisions"}],"predecessor-version":[{"id":1564,"href":"https:\/\/atraversombreedanjou.fr\/index.php\/wp-json\/wp\/v2\/pages\/300\/revisions\/1564"}],"wp:attachment":[{"href":"https:\/\/atraversombreedanjou.fr\/index.php\/wp-json\/wp\/v2\/media?parent=300"}],"curies":[{"name":"wp","href":"https:\/\/api.w.org\/{rel}","templated":true}]}}