{"id":64,"date":"2023-03-02T11:13:04","date_gmt":"2023-03-02T10:13:04","guid":{"rendered":"http:\/\/152.228.173.68\/?page_id=64"},"modified":"2025-04-18T21:35:07","modified_gmt":"2025-04-18T19:35:07","slug":"presentation-cotoa","status":"publish","type":"page","link":"https:\/\/atraversombreedanjou.fr\/index.php\/presentation-cotoa\/","title":{"rendered":"Pr\u00e9sentation"},"content":{"rendered":"\t\t<div data-elementor-type=\"wp-page\" data-elementor-id=\"64\" class=\"elementor elementor-64\">\n\t\t\t\t\t\t\t\t\t<section class=\"elementor-section elementor-top-section elementor-element elementor-element-d51783c elementor-section-boxed elementor-section-height-default elementor-section-height-default\" data-id=\"d51783c\" data-element_type=\"section\" data-settings=\"{&quot;background_background&quot;:&quot;classic&quot;}\">\n\t\t\t\t\t\t\t<div class=\"elementor-background-overlay\"><\/div>\n\t\t\t\t\t\t\t<div class=\"elementor-container elementor-column-gap-default\">\n\t\t\t\t\t<div class=\"elementor-column elementor-col-100 elementor-top-column elementor-element elementor-element-3420266\" data-id=\"3420266\" data-element_type=\"column\">\n\t\t\t<div class=\"elementor-widget-wrap elementor-element-populated\">\n\t\t\t\t\t\t\t\t<div class=\"elementor-element elementor-element-5f53912 elementor-widget elementor-widget-text-editor\" data-id=\"5f53912\" data-element_type=\"widget\" data-widget_type=\"text-editor.default\">\n\t\t\t\t<div class=\"elementor-widget-container\">\n\t\t\t<style>\/*! elementor - v3.11.3 - 07-03-2023 *\/\n.elementor-widget-text-editor.elementor-drop-cap-view-stacked .elementor-drop-cap{background-color:#818a91;color:#fff}.elementor-widget-text-editor.elementor-drop-cap-view-framed .elementor-drop-cap{color:#818a91;border:3px solid;background-color:transparent}.elementor-widget-text-editor:not(.elementor-drop-cap-view-default) .elementor-drop-cap{margin-top:8px}.elementor-widget-text-editor:not(.elementor-drop-cap-view-default) .elementor-drop-cap-letter{width:1em;height:1em}.elementor-widget-text-editor .elementor-drop-cap{float:left;text-align:center;line-height:1;font-size:50px}.elementor-widget-text-editor .elementor-drop-cap-letter{display:inline-block}<\/style>\t\t\t\t<ul>\n<li>&nbsp;Le COTOA (Comit\u00e9 d&rsquo;Organisation \u00e0 Travers Ombr\u00e9e d&rsquo;Anjou) est une association loi 1901 avec un double objectif.<\/li>\n<li>Organiser une couse cycliste passant par toutes les communes d\u00e9l\u00e9gu\u00e9es, des courses inter g\u00e9n\u00e9rations tout en changeant de lieu de d\u00e9part chaque ann\u00e9e.<\/li>\n<li>Cr\u00e9er une dynamique entre les communes d\u00e9l\u00e9gu\u00e9es et leurs associations.<\/li>\n<li>Contact : cotoa49520@gmail.com<\/li>\n<\/ul><div>&nbsp; &nbsp; &nbsp; &nbsp; &nbsp; &nbsp; &nbsp; &nbsp; &nbsp; &nbsp; &nbsp; &nbsp; &nbsp; &nbsp; &nbsp; &nbsp; &nbsp; Nos Organisations 2025.<br>&#8211; 20 Avril &#8211; A travers Ombr\u00e9e d&rsquo;Anjou ( cotoa et cdf No\u00ebllet).<br>&#8211; 26 Avril&nbsp; &#8211; Grand prix cyclisme de Bel-Air avec le comit\u00e9 des f\u00eates de Bel-Air.<br>&#8211; 19 Oct &#8211;&nbsp; la Saint Mainboeuf&nbsp; avec le comit\u00e9 des F\u00eates de No\u00ebllet.<\/div>\t\t\t\t\t\t<\/div>\n\t\t\t\t<\/div>\n\t\t\t\t<div class=\"elementor-element elementor-element-0f390cf elementor-widget elementor-widget-text-editor\" data-id=\"0f390cf\" data-element_type=\"widget\" data-widget_type=\"text-editor.default\">\n\t\t\t\t<div class=\"elementor-widget-container\">\n\t\t\t\t\t\t\t\t\t\t\t\t\t<\/div>\n\t\t\t\t<\/div>\n\t\t\t\t\t<\/div>\n\t\t<\/div>\n\t\t\t\t\t\t\t<\/div>\n\t\t<\/section>\n\t\t\t\t<section class=\"elementor-section elementor-top-section elementor-element elementor-element-b68d750 elementor-section-boxed elementor-section-height-default elementor-section-height-default\" data-id=\"b68d750\" data-element_type=\"section\">\n\t\t\t\t\t\t<div class=\"elementor-container elementor-column-gap-default\">\n\t\t\t\t\t<div class=\"elementor-column elementor-col-100 elementor-top-column elementor-element elementor-element-db825af\" data-id=\"db825af\" data-element_type=\"column\">\n\t\t\t<div class=\"elementor-widget-wrap elementor-element-populated\">\n\t\t\t\t\t\t\t\t<div class=\"elementor-element elementor-element-ff30c89 elementor-widget elementor-widget-image\" data-id=\"ff30c89\" data-element_type=\"widget\" data-widget_type=\"image.default\">\n\t\t\t\t<div class=\"elementor-widget-container\">\n\t\t\t<style>\/*! elementor - v3.11.3 - 07-03-2023 *\/\n.elementor-widget-image{text-align:center}.elementor-widget-image a{display:inline-block}.elementor-widget-image a img[src$=\".svg\"]{width:48px}.elementor-widget-image img{vertical-align:middle;display:inline-block}<\/style>\t\t\t\t\t\t\t\t\t<figure class=\"wp-caption\">\n\t\t\t\t\t\t\t\t\t\t<img loading=\"lazy\" decoding=\"async\" width=\"660\" height=\"369\" src=\"https:\/\/atraversombreedanjou.fr\/wp-content\/uploads\/2024\/04\/bureau-1024x572.png\" class=\"attachment-large size-large wp-image-1385\" alt=\"\" srcset=\"https:\/\/atraversombreedanjou.fr\/wp-content\/uploads\/2024\/04\/bureau-1024x572.png 1024w, https:\/\/atraversombreedanjou.fr\/wp-content\/uploads\/2024\/04\/bureau-300x168.png 300w, https:\/\/atraversombreedanjou.fr\/wp-content\/uploads\/2024\/04\/bureau-768x429.png 768w, https:\/\/atraversombreedanjou.fr\/wp-content\/uploads\/2024\/04\/bureau.png 1271w\" sizes=\"auto, (max-width: 660px) 100vw, 660px\" \/>\t\t\t\t\t\t\t\t\t\t\t<figcaption class=\"widget-image-caption wp-caption-text\">Pour nous rejoindre c'est simple  cotoa49520@gmail.com<\/figcaption>\n\t\t\t\t\t\t\t\t\t\t<\/figure>\n\t\t\t\t\t\t\t\t\t<\/div>\n\t\t\t\t<\/div>\n\t\t\t\t<div class=\"elementor-element elementor-element-cf40d85 elementor-widget elementor-widget-image\" data-id=\"cf40d85\" data-element_type=\"widget\" data-widget_type=\"image.default\">\n\t\t\t\t<div class=\"elementor-widget-container\">\n\t\t\t\t\t\t\t\t\t\t\t\t\t\t\t<img loading=\"lazy\" decoding=\"async\" width=\"660\" height=\"437\" src=\"https:\/\/atraversombreedanjou.fr\/wp-content\/uploads\/2024\/05\/XL1_0855-1024x678.jpg\" class=\"attachment-large size-large wp-image-1495\" alt=\"\" srcset=\"https:\/\/atraversombreedanjou.fr\/wp-content\/uploads\/2024\/05\/XL1_0855-1024x678.jpg 1024w, https:\/\/atraversombreedanjou.fr\/wp-content\/uploads\/2024\/05\/XL1_0855-300x200.jpg 300w, https:\/\/atraversombreedanjou.fr\/wp-content\/uploads\/2024\/05\/XL1_0855-768x509.jpg 768w, https:\/\/atraversombreedanjou.fr\/wp-content\/uploads\/2024\/05\/XL1_0855-1536x1017.jpg 1536w, https:\/\/atraversombreedanjou.fr\/wp-content\/uploads\/2024\/05\/XL1_0855-2048x1356.jpg 2048w\" sizes=\"auto, (max-width: 660px) 100vw, 660px\" \/>\t\t\t\t\t\t\t\t\t\t\t\t\t\t\t<\/div>\n\t\t\t\t<\/div>\n\t\t\t\t\t<\/div>\n\t\t<\/div>\n\t\t\t\t\t\t\t<\/div>\n\t\t<\/section>\n\t\t\t\t<section class=\"elementor-section elementor-top-section elementor-element elementor-element-af01f0b elementor-section-boxed elementor-section-height-default elementor-section-height-default\" data-id=\"af01f0b\" data-element_type=\"section\">\n\t\t\t\t\t\t<div class=\"elementor-container elementor-column-gap-default\">\n\t\t\t\t\t<div class=\"elementor-column elementor-col-100 elementor-top-column elementor-element elementor-element-3efa787\" data-id=\"3efa787\" data-element_type=\"column\">\n\t\t\t<div class=\"elementor-widget-wrap elementor-element-populated\">\n\t\t\t\t\t\t\t\t<div class=\"elementor-element elementor-element-aa34bf8 e-transform elementor-widget elementor-widget-image\" data-id=\"aa34bf8\" data-element_type=\"widget\" data-settings=\"{&quot;_transform_scale_effect_hover&quot;:{&quot;unit&quot;:&quot;px&quot;,&quot;size&quot;:1.8,&quot;sizes&quot;:[]},&quot;_transform_scale_effect_hover_tablet&quot;:{&quot;unit&quot;:&quot;px&quot;,&quot;size&quot;:&quot;&quot;,&quot;sizes&quot;:[]},&quot;_transform_scale_effect_hover_mobile&quot;:{&quot;unit&quot;:&quot;px&quot;,&quot;size&quot;:&quot;&quot;,&quot;sizes&quot;:[]}}\" data-widget_type=\"image.default\">\n\t\t\t\t<div class=\"elementor-widget-container\">\n\t\t\t\t\t\t\t\t\t\t\t\t\t\t\t<img loading=\"lazy\" decoding=\"async\" width=\"660\" height=\"369\" src=\"https:\/\/atraversombreedanjou.fr\/wp-content\/uploads\/2023\/04\/photo-benevoles-1024x572.png\" class=\"attachment-large size-large wp-image-339\" alt=\"\" srcset=\"https:\/\/atraversombreedanjou.fr\/wp-content\/uploads\/2023\/04\/photo-benevoles-1024x572.png 1024w, https:\/\/atraversombreedanjou.fr\/wp-content\/uploads\/2023\/04\/photo-benevoles-300x168.png 300w, https:\/\/atraversombreedanjou.fr\/wp-content\/uploads\/2023\/04\/photo-benevoles-768x429.png 768w, https:\/\/atraversombreedanjou.fr\/wp-content\/uploads\/2023\/04\/photo-benevoles.png 1334w\" sizes=\"auto, (max-width: 660px) 100vw, 660px\" \/>\t\t\t\t\t\t\t\t\t\t\t\t\t\t\t<\/div>\n\t\t\t\t<\/div>\n\t\t\t\t\t<\/div>\n\t\t<\/div>\n\t\t\t\t\t\t\t<\/div>\n\t\t<\/section>\n\t\t\t\t<section class=\"elementor-section elementor-top-section elementor-element elementor-element-e90955b elementor-section-boxed elementor-section-height-default elementor-section-height-default\" data-id=\"e90955b\" data-element_type=\"section\">\n\t\t\t\t\t\t<div class=\"elementor-container elementor-column-gap-default\">\n\t\t\t\t\t<div class=\"elementor-column elementor-col-100 elementor-top-column elementor-element elementor-element-69361c1\" data-id=\"69361c1\" data-element_type=\"column\">\n\t\t\t<div class=\"elementor-widget-wrap elementor-element-populated\">\n\t\t\t\t\t\t\t\t<div class=\"elementor-element elementor-element-0ef6c16 e-transform elementor-widget elementor-widget-image\" data-id=\"0ef6c16\" data-element_type=\"widget\" data-settings=\"{&quot;_transform_scale_effect_hover&quot;:{&quot;unit&quot;:&quot;px&quot;,&quot;size&quot;:1.6,&quot;sizes&quot;:[]},&quot;_transform_scale_effect_hover_tablet&quot;:{&quot;unit&quot;:&quot;px&quot;,&quot;size&quot;:&quot;&quot;,&quot;sizes&quot;:[]},&quot;_transform_scale_effect_hover_mobile&quot;:{&quot;unit&quot;:&quot;px&quot;,&quot;size&quot;:&quot;&quot;,&quot;sizes&quot;:[]}}\" data-widget_type=\"image.default\">\n\t\t\t\t<div class=\"elementor-widget-container\">\n\t\t\t\t\t\t\t\t\t\t\t\t\t\t\t<img loading=\"lazy\" decoding=\"async\" width=\"660\" height=\"660\" src=\"https:\/\/atraversombreedanjou.fr\/wp-content\/uploads\/2023\/04\/logo-cotoa.png\" class=\"attachment-large size-large wp-image-405\" alt=\"\" srcset=\"https:\/\/atraversombreedanjou.fr\/wp-content\/uploads\/2023\/04\/logo-cotoa.png 764w, https:\/\/atraversombreedanjou.fr\/wp-content\/uploads\/2023\/04\/logo-cotoa-300x300.png 300w, https:\/\/atraversombreedanjou.fr\/wp-content\/uploads\/2023\/04\/logo-cotoa-150x150.png 150w\" sizes=\"auto, (max-width: 660px) 100vw, 660px\" \/>\t\t\t\t\t\t\t\t\t\t\t\t\t\t\t<\/div>\n\t\t\t\t<\/div>\n\t\t\t\t\t<\/div>\n\t\t<\/div>\n\t\t\t\t\t\t\t<\/div>\n\t\t<\/section>\n\t\t\t\t<section class=\"elementor-section elementor-top-section elementor-element elementor-element-7a553ce elementor-section-boxed elementor-section-height-default elementor-section-height-default\" data-id=\"7a553ce\" data-element_type=\"section\">\n\t\t\t\t\t\t<div class=\"elementor-container elementor-column-gap-default\">\n\t\t\t\t\t<div class=\"elementor-column elementor-col-100 elementor-top-column elementor-element elementor-element-ae3471f\" data-id=\"ae3471f\" data-element_type=\"column\">\n\t\t\t<div class=\"elementor-widget-wrap\">\n\t\t\t\t\t\t\t\t\t<\/div>\n\t\t<\/div>\n\t\t\t\t\t\t\t<\/div>\n\t\t<\/section>\n\t\t\t\t\t\t\t<\/div>\n\t\t","protected":false},"excerpt":{"rendered":"<p>&nbsp;Le COTOA (Comit\u00e9 d&rsquo;Organisation \u00e0 Travers Ombr\u00e9e d&rsquo;Anjou) est une association loi 1901 avec un double objectif. Organiser une couse cycliste passant par toutes les communes d\u00e9l\u00e9gu\u00e9es, des courses inter [&hellip;]<\/p>\n","protected":false},"author":1,"featured_media":0,"parent":0,"menu_order":0,"comment_status":"closed","ping_status":"closed","template":"","meta":{"_monsterinsights_skip_tracking":false,"_monsterinsights_sitenote_active":false,"_monsterinsights_sitenote_note":"","_monsterinsights_sitenote_category":0,"footnotes":""},"class_list":["post-64","page","type-page","status-publish","hentry"],"yoast_head":"<!-- This site is optimized with the Yoast SEO plugin v20.8 - https:\/\/yoast.com\/wordpress\/plugins\/seo\/ -->\n<title>Pr\u00e9sentation - A Travers Ombr\u00e9e d&#039;Anjou site officiel<\/title>\n<meta name=\"robots\" content=\"index, follow, max-snippet:-1, max-image-preview:large, max-video-preview:-1\" \/>\n<link rel=\"canonical\" href=\"https:\/\/atraversombreedanjou.fr\/index.php\/presentation-cotoa\/\" \/>\n<meta property=\"og:locale\" content=\"fr_FR\" \/>\n<meta property=\"og:type\" content=\"article\" \/>\n<meta property=\"og:title\" content=\"Pr\u00e9sentation - A Travers Ombr\u00e9e d&#039;Anjou site officiel\" \/>\n<meta property=\"og:description\" content=\"&nbsp;Le COTOA (Comit\u00e9 d&rsquo;Organisation \u00e0 Travers Ombr\u00e9e d&rsquo;Anjou) est une association loi 1901 avec un double objectif. Organiser une couse cycliste passant par toutes les communes d\u00e9l\u00e9gu\u00e9es, des courses inter [&hellip;]\" \/>\n<meta property=\"og:url\" content=\"https:\/\/atraversombreedanjou.fr\/index.php\/presentation-cotoa\/\" \/>\n<meta property=\"og:site_name\" content=\"A Travers Ombr\u00e9e d&#039;Anjou site officiel\" \/>\n<meta property=\"article:publisher\" content=\"https:\/\/www.facebook.com\/atraversombreedanjou.cotoa\" \/>\n<meta property=\"article:modified_time\" content=\"2025-04-18T19:35:07+00:00\" \/>\n<meta property=\"og:image\" content=\"https:\/\/atraversombreedanjou.fr\/wp-content\/uploads\/2024\/04\/bureau-1024x572.png\" \/>\n<meta name=\"twitter:card\" content=\"summary_large_image\" \/>\n<meta name=\"twitter:label1\" content=\"Dur\u00e9e de lecture estim\u00e9e\" \/>\n\t<meta name=\"twitter:data1\" content=\"2 minutes\" \/>\n<script type=\"application\/ld+json\" class=\"yoast-schema-graph\">{\"@context\":\"https:\/\/schema.org\",\"@graph\":[{\"@type\":\"WebPage\",\"@id\":\"https:\/\/atraversombreedanjou.fr\/index.php\/presentation-cotoa\/\",\"url\":\"https:\/\/atraversombreedanjou.fr\/index.php\/presentation-cotoa\/\",\"name\":\"Pr\u00e9sentation - A Travers Ombr\u00e9e d&#039;Anjou site officiel\",\"isPartOf\":{\"@id\":\"https:\/\/atraversombreedanjou.fr\/#website\"},\"datePublished\":\"2023-03-02T10:13:04+00:00\",\"dateModified\":\"2025-04-18T19:35:07+00:00\",\"breadcrumb\":{\"@id\":\"https:\/\/atraversombreedanjou.fr\/index.php\/presentation-cotoa\/#breadcrumb\"},\"inLanguage\":\"fr-FR\",\"potentialAction\":[{\"@type\":\"ReadAction\",\"target\":[\"https:\/\/atraversombreedanjou.fr\/index.php\/presentation-cotoa\/\"]}]},{\"@type\":\"BreadcrumbList\",\"@id\":\"https:\/\/atraversombreedanjou.fr\/index.php\/presentation-cotoa\/#breadcrumb\",\"itemListElement\":[{\"@type\":\"ListItem\",\"position\":1,\"name\":\"Accueil\",\"item\":\"https:\/\/atraversombreedanjou.fr\/\"},{\"@type\":\"ListItem\",\"position\":2,\"name\":\"Pr\u00e9sentation\"}]},{\"@type\":\"WebSite\",\"@id\":\"https:\/\/atraversombreedanjou.fr\/#website\",\"url\":\"https:\/\/atraversombreedanjou.fr\/\",\"name\":\"A Travers Ombr\u00e9e d'Anjou\",\"description\":\"COTOA Organisation\",\"publisher\":{\"@id\":\"https:\/\/atraversombreedanjou.fr\/#organization\"},\"alternateName\":\"atraversombreedanjou\",\"potentialAction\":[{\"@type\":\"SearchAction\",\"target\":{\"@type\":\"EntryPoint\",\"urlTemplate\":\"https:\/\/atraversombreedanjou.fr\/?s={search_term_string}\"},\"query-input\":\"required name=search_term_string\"}],\"inLanguage\":\"fr-FR\"},{\"@type\":\"Organization\",\"@id\":\"https:\/\/atraversombreedanjou.fr\/#organization\",\"name\":\"Comit\u00e9 d\u2019Organisation \u00e0 Travers Ombr\u00e9e d\u2019Anjou\",\"alternateName\":\"COTOA\",\"url\":\"https:\/\/atraversombreedanjou.fr\/\",\"logo\":{\"@type\":\"ImageObject\",\"inLanguage\":\"fr-FR\",\"@id\":\"https:\/\/atraversombreedanjou.fr\/#\/schema\/logo\/image\/\",\"url\":\"https:\/\/atraversombreedanjou.fr\/wp-content\/uploads\/2023\/03\/logo-cotoa.png\",\"contentUrl\":\"https:\/\/atraversombreedanjou.fr\/wp-content\/uploads\/2023\/03\/logo-cotoa.png\",\"width\":764,\"height\":764,\"caption\":\"Comit\u00e9 d\u2019Organisation \u00e0 Travers Ombr\u00e9e d\u2019Anjou\"},\"image\":{\"@id\":\"https:\/\/atraversombreedanjou.fr\/#\/schema\/logo\/image\/\"},\"sameAs\":[\"https:\/\/www.facebook.com\/atraversombreedanjou.cotoa\"]}]}<\/script>\n<!-- \/ Yoast SEO plugin. -->","yoast_head_json":{"title":"Pr\u00e9sentation - A Travers Ombr\u00e9e d&#039;Anjou site officiel","robots":{"index":"index","follow":"follow","max-snippet":"max-snippet:-1","max-image-preview":"max-image-preview:large","max-video-preview":"max-video-preview:-1"},"canonical":"https:\/\/atraversombreedanjou.fr\/index.php\/presentation-cotoa\/","og_locale":"fr_FR","og_type":"article","og_title":"Pr\u00e9sentation - A Travers Ombr\u00e9e d&#039;Anjou site officiel","og_description":"&nbsp;Le COTOA (Comit\u00e9 d&rsquo;Organisation \u00e0 Travers Ombr\u00e9e d&rsquo;Anjou) est une association loi 1901 avec un double objectif. Organiser une couse cycliste passant par toutes les communes d\u00e9l\u00e9gu\u00e9es, des courses inter [&hellip;]","og_url":"https:\/\/atraversombreedanjou.fr\/index.php\/presentation-cotoa\/","og_site_name":"A Travers Ombr\u00e9e d&#039;Anjou site officiel","article_publisher":"https:\/\/www.facebook.com\/atraversombreedanjou.cotoa","article_modified_time":"2025-04-18T19:35:07+00:00","og_image":[{"url":"https:\/\/atraversombreedanjou.fr\/wp-content\/uploads\/2024\/04\/bureau-1024x572.png"}],"twitter_card":"summary_large_image","twitter_misc":{"Dur\u00e9e de lecture estim\u00e9e":"2 minutes"},"schema":{"@context":"https:\/\/schema.org","@graph":[{"@type":"WebPage","@id":"https:\/\/atraversombreedanjou.fr\/index.php\/presentation-cotoa\/","url":"https:\/\/atraversombreedanjou.fr\/index.php\/presentation-cotoa\/","name":"Pr\u00e9sentation - A Travers Ombr\u00e9e d&#039;Anjou site officiel","isPartOf":{"@id":"https:\/\/atraversombreedanjou.fr\/#website"},"datePublished":"2023-03-02T10:13:04+00:00","dateModified":"2025-04-18T19:35:07+00:00","breadcrumb":{"@id":"https:\/\/atraversombreedanjou.fr\/index.php\/presentation-cotoa\/#breadcrumb"},"inLanguage":"fr-FR","potentialAction":[{"@type":"ReadAction","target":["https:\/\/atraversombreedanjou.fr\/index.php\/presentation-cotoa\/"]}]},{"@type":"BreadcrumbList","@id":"https:\/\/atraversombreedanjou.fr\/index.php\/presentation-cotoa\/#breadcrumb","itemListElement":[{"@type":"ListItem","position":1,"name":"Accueil","item":"https:\/\/atraversombreedanjou.fr\/"},{"@type":"ListItem","position":2,"name":"Pr\u00e9sentation"}]},{"@type":"WebSite","@id":"https:\/\/atraversombreedanjou.fr\/#website","url":"https:\/\/atraversombreedanjou.fr\/","name":"A Travers Ombr\u00e9e d'Anjou","description":"COTOA Organisation","publisher":{"@id":"https:\/\/atraversombreedanjou.fr\/#organization"},"alternateName":"atraversombreedanjou","potentialAction":[{"@type":"SearchAction","target":{"@type":"EntryPoint","urlTemplate":"https:\/\/atraversombreedanjou.fr\/?s={search_term_string}"},"query-input":"required name=search_term_string"}],"inLanguage":"fr-FR"},{"@type":"Organization","@id":"https:\/\/atraversombreedanjou.fr\/#organization","name":"Comit\u00e9 d\u2019Organisation \u00e0 Travers Ombr\u00e9e d\u2019Anjou","alternateName":"COTOA","url":"https:\/\/atraversombreedanjou.fr\/","logo":{"@type":"ImageObject","inLanguage":"fr-FR","@id":"https:\/\/atraversombreedanjou.fr\/#\/schema\/logo\/image\/","url":"https:\/\/atraversombreedanjou.fr\/wp-content\/uploads\/2023\/03\/logo-cotoa.png","contentUrl":"https:\/\/atraversombreedanjou.fr\/wp-content\/uploads\/2023\/03\/logo-cotoa.png","width":764,"height":764,"caption":"Comit\u00e9 d\u2019Organisation \u00e0 Travers Ombr\u00e9e d\u2019Anjou"},"image":{"@id":"https:\/\/atraversombreedanjou.fr\/#\/schema\/logo\/image\/"},"sameAs":["https:\/\/www.facebook.com\/atraversombreedanjou.cotoa"]}]}},"_links":{"self":[{"href":"https:\/\/atraversombreedanjou.fr\/index.php\/wp-json\/wp\/v2\/pages\/64","targetHints":{"allow":["GET"]}}],"collection":[{"href":"https:\/\/atraversombreedanjou.fr\/index.php\/wp-json\/wp\/v2\/pages"}],"about":[{"href":"https:\/\/atraversombreedanjou.fr\/index.php\/wp-json\/wp\/v2\/types\/page"}],"author":[{"embeddable":true,"href":"https:\/\/atraversombreedanjou.fr\/index.php\/wp-json\/wp\/v2\/users\/1"}],"replies":[{"embeddable":true,"href":"https:\/\/atraversombreedanjou.fr\/index.php\/wp-json\/wp\/v2\/comments?post=64"}],"version-history":[{"count":59,"href":"https:\/\/atraversombreedanjou.fr\/index.php\/wp-json\/wp\/v2\/pages\/64\/revisions"}],"predecessor-version":[{"id":1726,"href":"https:\/\/atraversombreedanjou.fr\/index.php\/wp-json\/wp\/v2\/pages\/64\/revisions\/1726"}],"wp:attachment":[{"href":"https:\/\/atraversombreedanjou.fr\/index.php\/wp-json\/wp\/v2\/media?parent=64"}],"curies":[{"name":"wp","href":"https:\/\/api.w.org\/{rel}","templated":true}]}}